{"id":9047,"date":"2023-04-21T09:22:37","date_gmt":"2023-04-21T07:22:37","guid":{"rendered":"https:\/\/www.stiftgeras.at\/wp\/?page_id=9047"},"modified":"2024-06-13T12:40:19","modified_gmt":"2024-06-13T10:40:19","slug":"willkommen-beim-kraeuterpfarrer","status":"publish","type":"page","link":"https:\/\/www.stiftgeras.at\/wp\/willkommen-beim-kraeuterpfarrer\/","title":{"rendered":"Willkommen beim Kr\u00e4uterpfarrer"},"content":{"rendered":"\n<h1 class=\"wp-block-heading\">Kr\u00e4uterpfarrer Benedikt<\/h1>\n\n\n\n<p>Unser Mitbruder Kr\u00e4uterpfarrer Benedikt beschr\u00e4nkt sich nicht auf die Vermittlung heilkundlichen Wissens aus der \u201eApotheke Gottes\u201d. F\u00fcr die langj\u00e4hrige rechte Hand unseres Mitbruders, Kr\u00e4uterpfarrer Hermann-Josef Weidinger opraem.(+ 21.3.2004), sind die Heilkr\u00e4uter ein Zeichen f\u00fcr die Sympathie Gottes mit den Menschen, ein \u201eL\u00e4cheln des Sch\u00f6pfers\u201d.<\/p>\n\n\n\n<figure class=\"wp-block-image size-large\"><img loading=\"lazy\" decoding=\"async\" width=\"1024\" height=\"683\" src=\"https:\/\/www.stiftgeras.at\/wp\/wp-content\/uploads\/2021\/01\/Kraeuterpfarrer-Benedikt-c-Stift-Geras-1024x683.jpg\" alt=\"\" class=\"wp-image-6009\" srcset=\"https:\/\/www.stiftgeras.at\/wp\/wp-content\/uploads\/2021\/01\/Kraeuterpfarrer-Benedikt-c-Stift-Geras-1024x683.jpg 1024w, https:\/\/www.stiftgeras.at\/wp\/wp-content\/uploads\/2021\/01\/Kraeuterpfarrer-Benedikt-c-Stift-Geras-300x200.jpg 300w, https:\/\/www.stiftgeras.at\/wp\/wp-content\/uploads\/2021\/01\/Kraeuterpfarrer-Benedikt-c-Stift-Geras-768x512.jpg 768w, https:\/\/www.stiftgeras.at\/wp\/wp-content\/uploads\/2021\/01\/Kraeuterpfarrer-Benedikt-c-Stift-Geras-1536x1024.jpg 1536w, https:\/\/www.stiftgeras.at\/wp\/wp-content\/uploads\/2021\/01\/Kraeuterpfarrer-Benedikt-c-Stift-Geras-2048x1365.jpg 2048w, https:\/\/www.stiftgeras.at\/wp\/wp-content\/uploads\/2021\/01\/Kraeuterpfarrer-Benedikt-c-Stift-Geras-272x182.jpg 272w\" sizes=\"auto, (max-width: 1024px) 100vw, 1024px\" \/><figcaption>Benedikt bei einer Kr\u00e4utermeditation<\/figcaption><\/figure>\n\n\n\n<figure class=\"wp-block-image size-large\"><a href=\"http:\/\/www.kraeuterpfarrer.at\" target=\"_blank\" rel=\"noopener\"><img loading=\"lazy\" decoding=\"async\" width=\"1024\" height=\"1016\" src=\"https:\/\/www.stiftgeras.at\/wp\/wp-content\/uploads\/2023\/04\/Logo-Verein-Freunde-der-Heilkraeuter-1024x1016.png\" alt=\"\" class=\"wp-image-9057\" srcset=\"https:\/\/www.stiftgeras.at\/wp\/wp-content\/uploads\/2023\/04\/Logo-Verein-Freunde-der-Heilkraeuter-1024x1016.png 1024w, https:\/\/www.stiftgeras.at\/wp\/wp-content\/uploads\/2023\/04\/Logo-Verein-Freunde-der-Heilkraeuter-300x298.png 300w, https:\/\/www.stiftgeras.at\/wp\/wp-content\/uploads\/2023\/04\/Logo-Verein-Freunde-der-Heilkraeuter-150x150.png 150w, https:\/\/www.stiftgeras.at\/wp\/wp-content\/uploads\/2023\/04\/Logo-Verein-Freunde-der-Heilkraeuter-768x762.png 768w, https:\/\/www.stiftgeras.at\/wp\/wp-content\/uploads\/2023\/04\/Logo-Verein-Freunde-der-Heilkraeuter.png 1200w\" sizes=\"auto, (max-width: 1024px) 100vw, 1024px\" \/><\/a><\/figure>\n\n\n\n<p><a href=\"http:\/\/www.kraeuterpfarrer.at\/\" target=\"_blank\" rel=\"noreferrer noopener\"><strong>Kr\u00e4uterpfarrer-Zentrum in Karlstein an der Thaya &#8211; immer einen Besuch wert!<\/strong><\/a><\/p>\n\n\n\n<h3 class=\"wp-block-heading\">DAS LEBEN ALS GESCHENK ANNEHMEN!<\/h3>\n\n\n\n<p>OBMANN KARL WANKO ZUM 50. GEBURTSTAG VON KR\u00c4UTERPFARRER BENEDIKT AM 23.6.2015:<\/p>\n\n\n\n<p>Am 23. Juni, in den Tagen um die Sonnenwende und Johanni, hat er Geburtstag, unser Kr\u00e4uterpfarrer Benedikt Felsinger. Dass es schon der F\u00fcnfziger ist, nimmt man ihm nicht ab. Voller Schwung, quirlig, manchmal auch spitzb\u00fcbisch \u2013 sind passende Attribute, nicht minder aber ernsthaft und tiefsinnig, entschlossen und \u00fcberzeugend, warmherzig und g\u00fctig. H\u00e4tten wir nur lauter solche Priester!<\/p>\n\n\n\n<p>Floriani-Messe im Stift Geras. Als Feuerwehrkurat steht sie ihm zu. Kurz vor Beginn spricht er \u2013 bereits in Feuerwehr-Uniform \u2013 einleitende Worte, zieht dann mit den Feuerwehren der Pfarre feierlich ein, und schon steht er im Messgewand am Altar. Da die Feuerwehrm\u00e4nner und -frauen (!) im Mittelgang stehen, erscheint er zur Predigt pl\u00f6tzlich auf der sonst verwaisten Kanzel \u2013 mit der Begr\u00fcndung, weil er nicht so gro\u00df ist wie sein Mitbruder Conrad, der Stiftspfarrer. Sonst geht er oft zur Predigt in den Mittelgang, auf Tuchf\u00fchlung zu den Menschen. Ja, er hat eine begnadete Art, auf die Menschen zuzugehen. Er pflegt viele pers\u00f6nliche Kontakte zu Familien und Freunden, ist Trauungs- und Taufpriester oft auch au\u00dferhalb seiner Pfarre \u2026<\/p>\n\n\n\n<p>Ob bei der Tiersegnung im Naturpark Geras, beim \u201eFr\u00fchlingserwachen&#8220; von Natur im Garten, beim Gesundheitstag f\u00fcr Senioren usw. \u2013 der Kr\u00e4uterpfarrer geh\u00f6rt einfach dazu, ist nicht nur gern gesehener Gast, sondern Referent und Mitgestalter, ohne sich dazu aufgedr\u00e4ngt zu haben. Zu vielen Politikern hat er ein herzliches Naheverh\u00e4ltnis. In K\u00e4rnten, in der Steiermark, in Salzburg, in Ober\u00f6sterreich, im Burgenland, in Tirol und S\u00fcdtirol oder \u201en\u00e4her daheim&#8220; in Nieder\u00f6sterreich h\u00e4lt er Vortr\u00e4ge, die ihren Niederschlag in der Lokalpresse finden: \u201e\u2026 Humorvoll stellte er seine Ordensgemeinschaft und seine eigene Geschichte vor. Er lud ein, an die Kr\u00e4uter anders heranzugehen \u2013 nicht ,Was n\u00fctzt es mir?\u00b4, sondern ,Warum kannst du mich heilen?\u00b4. Der Saal war bis auf den letzten Platz besetzt. Das Thema lautete ,Anders leben \u2013 Gesundheit f\u00fcr Leib und Seele\u00b4\u2026&#8220; Nicht nur in den Lokalmedien ist er pr\u00e4sent, man sieht ihn im Fernsehen, h\u00f6rt ihn auf \u201eRadio N\u00d6&#8220;, \u201eRadio Maria&#8220; sowie \u201eRadio Stephansdom&#8220; \u2013 und vor allem, in ganz \u00d6sterreich kennt und liest man seine t\u00e4gliche Kolumne \u201eHing\u2019schaut und g\u2019sund g\u2019lebt&#8220; in der Kronen Zeitung, womit er die Tradition fortsetzt, die Hermann-Josef Weidinger 1995 (!) begonnen hat.<\/p>\n\n\n\n<p>\u00dcberhaupt \u00e4hnelt sein Terminkalender dem seines gro\u00dfen Vorg\u00e4ngers und Lehrmeisters, an dessen Werk er anschlie\u00dft, aus dessen Schatten er aber schon deutlich herausgetreten ist. Seine vielen Texte und Ausspr\u00fcche, vor allem seine beiden B\u00fccher \u201eHeilkr\u00e4uter aus dem Klostergarten&#8220; und \u201eF\u00fcr Leib und Seele \/ Tipps vom Kr\u00e4uterpfarrer&#8220; geben Zeugnis. Zuhauf kommen sch\u00f6ne R\u00fcckmeldungen ins Haus:<\/p>\n\n\n\n<p>\u201e\u2026 Ich genie\u00dfe immer wieder die ,geistige Nahrung\u00b4 von Kr\u00e4uterpfarrer Benedikt und versuche diese auch in meinem Leben anzuwenden \u2026&#8220; Elisabeth aus Kanada.<\/p>\n\n\n\n<p>\u201e\u2026 Ich muss sagen, Kr\u00e4uterpfarrer Benedikt macht seine Sache hervorragend. Ich konnte mehrmals erleben, wie gut er beim Publikum ankommt \u2026&#8220; Prof. Hademar Bankhofer (der als TV-Moderator viele Sendungen mit Pfarrer Weidinger gemacht hat).<\/p>\n\n\n\n<p>\u201e\u2026 Ich bitte den Herrn Pfarrer Benedikt Felsinger, so weiterzumachen \u2026!&#8220; Elfriede aus der Stmk.<\/p>\n\n\n\n<p>Zu einem besonderen Erlebnis werden unsere sommerlichen Kr\u00e4uterseminare durch seine Pr\u00e4senz. Die Herzen quellen \u00fcber in dankbaren Worten. Hier nur einige Schlagworte aus den kurz gefassten R\u00fcckmeldungen: \u201e\u2026 Besonders zugesagt haben mir die Betrachtungen von Herrn Benedikt \u2026 die morgendliche Einleitung \u2026 seine spirituellen Anregungen \u2026 die Kr\u00e4uterwanderung mit ihm \u2026 die F\u00fchrung im Stift Geras \u2026 die abschlie\u00dfende Messfeier \u2026 \u00fcberhaupt seine Anwesenheit \u2026!&#8220;<\/p>\n","protected":false},"excerpt":{"rendered":"<p>Kr\u00e4uterpfarrer Benedikt Unser Mitbruder Kr\u00e4uterpfarrer Benedikt beschr\u00e4nkt sich nicht auf die Vermittlung heilkundlichen Wissens aus der \u201eApotheke Gottes\u201d. F\u00fcr die langj\u00e4hrige rechte Hand unseres Mitbruders, Kr\u00e4uterpfarrer Hermann-Josef Weidinger opraem.(+ 21.3.2004), sind die Heilkr\u00e4uter ein Zeichen f\u00fcr die Sympathie Gottes mit &hellip; <a href=\"https:\/\/www.stiftgeras.at\/wp\/willkommen-beim-kraeuterpfarrer\/\">Weiter<\/a><\/p>\n","protected":false},"author":2,"featured_media":6009,"parent":0,"menu_order":0,"comment_status":"closed","ping_status":"closed","template":"","meta":{"kt_blocks_editor_width":"","footnotes":""},"class_list":["post-9047","page","type-page","status-publish","has-post-thumbnail","hentry"],"publishpress_future_action":{"enabled":false,"date":"2026-04-26 15:32:58","action":"change-status","newStatus":"draft","terms":[],"taxonomy":"","extraData":[]},"publishpress_future_workflow_manual_trigger":{"enabledWorkflows":[]},"_links":{"self":[{"href":"https:\/\/www.stiftgeras.at\/wp\/wp-json\/wp\/v2\/pages\/9047","targetHints":{"allow":["GET"]}}],"collection":[{"href":"https:\/\/www.stiftgeras.at\/wp\/wp-json\/wp\/v2\/pages"}],"about":[{"href":"https:\/\/www.stiftgeras.at\/wp\/wp-json\/wp\/v2\/types\/page"}],"author":[{"embeddable":true,"href":"https:\/\/www.stiftgeras.at\/wp\/wp-json\/wp\/v2\/users\/2"}],"replies":[{"embeddable":true,"href":"https:\/\/www.stiftgeras.at\/wp\/wp-json\/wp\/v2\/comments?post=9047"}],"version-history":[{"count":6,"href":"https:\/\/www.stiftgeras.at\/wp\/wp-json\/wp\/v2\/pages\/9047\/revisions"}],"predecessor-version":[{"id":10311,"href":"https:\/\/www.stiftgeras.at\/wp\/wp-json\/wp\/v2\/pages\/9047\/revisions\/10311"}],"wp:featuredmedia":[{"embeddable":true,"href":"https:\/\/www.stiftgeras.at\/wp\/wp-json\/wp\/v2\/media\/6009"}],"wp:attachment":[{"href":"https:\/\/www.stiftgeras.at\/wp\/wp-json\/wp\/v2\/media?parent=9047"}],"curies":[{"name":"wp","href":"https:\/\/api.w.org\/{rel}","templated":true}]}}